{"id":18580,"date":"2025-02-12T09:54:30","date_gmt":"2025-02-12T08:54:30","guid":{"rendered":"https:\/\/www.leclosdupiheux.com\/?page_id=18580"},"modified":"2026-01-21T21:54:55","modified_gmt":"2026-01-21T20:54:55","slug":"agenda-complet","status":"publish","type":"page","link":"https:\/\/www.leclosdupiheux.com\/en\/a-voir-a-faire\/agenda-complet","title":{"rendered":"Full agenda"},"content":{"rendered":"<div class=\"brz-root__container brz-reset-all\">\n<section id=\"mijlrippkrjduhuyycgefziosphkkkysarii\" class=\"brz-section brz-css-n51fa\">\n<div class=\"brz-section__content brz-section--boxed brz-css-lRrPk brz-css-nmK_H\" data-brz-custom-id=\"iwsikpqeglekjgnbdbjhhlkaqybiqieodlca\">\n<div class=\"brz-bg\">\n<div class=\"brz-bg-image\"><\/div>\n<div class=\"brz-bg-color\"><\/div>\n<\/div>\n<div class=\"brz-container brz-css-w9l5s\">\n<div class=\"brz-row__container brz-css-v7Axz\" data-brz-custom-id=\"stqwdowxnfeexthxheooxzqtwzirfgzfrlcn\">\n<div class=\"brz-bg\"><\/div>\n<div class=\"brz-row brz-css-xsZSp brz-css-wpVS9\">\n<div class=\"brz-columns brz-css-bZy3L brz-css-yd4w_\" data-brz-custom-id=\"dalzzjbvfczfymzxxpkanjpzcxyitehjijrs\">\n<div class=\"brz-bg\"><\/div>\n<div class=\"brz-column__items brz-css-tOB07 brz-css-vu1KV\">\n<div id class=\"brz-css-sgV76 brz-wrapper\">\n<div class=\"brz-rich-text brz-rich-text__custom brz-css-svNIV\" data-brz-custom-id=\"cuetfihuvqrirxpkwxllpdrnueyxjbhhjjgv\">\n<div data-brz-translate-text=\"1\">\n<h1 class=\"brz-ft-google brz-ff-montserrat brz-ls-xs-m_1_5 brz-ls-sm-m_1_5 brz-ls-lg-m_1_5 brz-fs-xs-36 brz-fs-sm-40 brz-fs-lg-46 brz-lh-xs-1_3 brz-lh-sm-1_3 brz-lh-lg-1_3 brz-text-xs-center brz-text-lg-center brz-fw-lg-500 brz-fw-sm-500 brz-fw-xs-500 brz-css-i1qHi\" data-uniq-id=\"eHd8R\" data-generated-css=\"brz-css-ytjYx\"><span class=\"brz-cp-color8\">The full calendar of events<\/span><\/h1>\n<\/div>\n<\/div>\n<\/div>\n<div id class=\"brz-css-sgV76 brz-css-mFC7I brz-wrapper\">\n<div class=\"brz-spacer brz-css-hB3kz brz-css-ysd7W\"><\/div>\n<\/div>\n<\/div>\n<\/div>\n<\/div>\n<\/div>\n<\/div>\n<\/div>\n<\/section>\n<section id=\"wswymxoftgimcrmvfuqlafmkubxlqiqyebfn\" class=\"brz-section brz-css-n51fa brz-css-c1_Ib\">\n<div class=\"brz-section__content brz-section--boxed brz-css-lRrPk brz-css-ubrs9\" data-brz-custom-id=\"rgqwqjpsikwxpnxgybjdeptaksshfeoocnzt\">\n<div class=\"brz-container brz-css-w9l5s\">\n<div id class=\"brz-css-sgV76 brz-css-wpLIo brz-wrapper\">\n<div class=\"brz-wp__breadcrumbs brz-css-c2Rvw brz-css-hhJK5\" data-brz-custom-id=\"oyvwaszjljpdzrqjumzmfzsnwuqpvgwrgvxs\">\n<div style=\"min-height:20px\"><\/div>\n<\/div>\n<\/div>\n<\/div>\n<\/div>\n<\/section>\n<section id=\"bkidwppggihzhvsjmsyydibnfjupcbitabcx\" class=\"brz-section brz-css-n51fa\">\n<div class=\"brz-section__content brz-section--boxed brz-css-lRrPk brz-css-pCNy9\" data-brz-custom-id=\"rsvuahsvprgeyfrsqnhwojhcgsodksqddnbp\">\n<div class=\"brz-container brz-css-w9l5s\">\n<div class=\"brz-wrapper-clone brz-css-qRYtA\">\n<div class=\"brz-d-xs-flex brz-flex-xs-wrap brz-css-cnk9t\" data-brz-custom-id>\n<div class=\"brz-wrapper-clone__item\" id=\"vyjouponxetpbguxcibyaubudnxrgcxfjhgy\">\n<div class=\"brz-icon__container\" data-brz-custom-id=\"vyjouponxetpbguxcibyaubudnxrgcxfjhgy\"><span class=\"brz-icon brz-span brz-css-bzzJ1 brz-css-jBCFf\"><\/span><\/div>\n<\/div>\n<\/div>\n<\/div>\n<div id class=\"brz-css-sgV76 brz-wrapper\">\n<div class=\"brz-embed-code brz-css-wbRPc\" data-brz-custom-id=\"wGikvu_1Xz6Y\">\n<div class=\"brz-embed-content\">\n<div><!--Balise &agrave; int&eacute;grer &agrave; l'emplacement voulu pour affichage des &eacute;v&egrave;nements--><\/p>\n<div class=\"lae-widget\" data-id=\"https:\/\/widget.laetis.fr\/v2\/anjou-tourisme\/wagenda?wei0%5Bid0%5D=%7CLiAnjouAgendaV02%7CDefaut%7C10%7C1%7CMoAnjouAgendaV02%7C%7C%7C-gl~47.634672~-0.670453~30%7C%7CFO%7CFO?auto=0&amp;nb=10&amp;width=auto&amp;height=auto&amp;bgc=%23FFFFFF&amp;txtc=%23161616&amp;thc=%231b6f5c&amp;mode=diaporama&amp;lang=fr&amp;mode_diffusio_3=list-map-diffusio\"><\/div>\n<\/div>\n<\/div>\n<\/div>\n<\/div>\n<\/div>\n<\/div>\n<\/section>\n<section id=\"ffmztxjpbrjaohqihxzcaajxfswbjobabywr\" class=\"brz-section brz-css-n51fa\">\n<div class=\"brz-section__content brz-section--boxed brz-css-lRrPk brz-css-rsCgg\" data-brz-custom-id=\"niyfwxzbxmvbqjhgehaylmhpqhetmgftlpxe\">\n<div class=\"brz-bg\">\n<div class=\"brz-bg-color\"><\/div>\n<\/div>\n<div class=\"brz-container brz-css-w9l5s\">\n<div id class=\"brz-css-sgV76 brz-wrapper\">\n<div class=\"brz-rich-text brz-rich-text__custom brz-css-svNIV\" data-brz-custom-id=\"gfevzatqakvxwuutirimegdiidboikijrkit\">\n<div data-brz-translate-text=\"1\">\n<h3 class=\"brz-tp-lg-empty brz-lh-lg-1_9 brz-ls-lg-0_5 brz-fw-lg-300 brz-fss-lg-px brz-fs-lg-14 brz-ft-google brz-ff-montserrat brz-fs-xs-13 brz-fs-sm-13 brz-lh-xs-1_6 brz-lh-sm-1_6 brz-mt-lg-0 brz-text-lg-center brz-fw-sm-300 brz-fw-xs-300 brz-ls-sm-5 brz-ls-xs-0_5 brz-css-eHI_n\" data-generated-css=\"brz-css-dlPcx\" data-uniq-id=\"zmL6A\"><a class=\"link--external brz-cp-color8\" style=\"opacity: 1\" href=\"https:\/\/www.leweboskop.fr\/\" data-brz-link-type=\"external\" target=\"_blank\"><strong>Website made to measure and with passion by<\/strong><\/a><a class=\"link--external brz-cp-color3\" style=\"opacity: 1\" href=\"https:\/\/www.leweboskop.fr\/\" data-brz-link-type=\"external\" target=\"_blank\"><strong> <\/strong><\/a><a class=\"link--external\" style=\"opacity: 1\" href=\"https:\/\/www.leweboskop.fr\/\" data-brz-link-type=\"external\" target=\"_blank\"><strong>LeWeboskop<\/strong><\/a><\/h3>\n<\/div>\n<\/div>\n<\/div>\n<\/div>\n<\/div>\n<\/section>\n<\/div>\n<p><!-- version:1739377808 --><\/p>","protected":false},"excerpt":{"rendered":"<p>The complete calendar of events Website custom-built with passion by LeWeboskop<\/p>","protected":false},"author":2,"featured_media":9719,"parent":645,"menu_order":6,"comment_status":"closed","ping_status":"closed","template":"brizy-blank-template.php","meta":{"ocean_post_layout":"","ocean_both_sidebars_style":"","ocean_both_sidebars_content_width":0,"ocean_both_sidebars_sidebars_width":0,"ocean_sidebar":"0","ocean_second_sidebar":"0","ocean_disable_margins":"enable","ocean_add_body_class":"","ocean_shortcode_before_top_bar":"","ocean_shortcode_after_top_bar":"","ocean_shortcode_before_header":"","ocean_shortcode_after_header":"","ocean_has_shortcode":"","ocean_shortcode_after_title":"","ocean_shortcode_before_footer_widgets":"","ocean_shortcode_after_footer_widgets":"","ocean_shortcode_before_footer_bottom":"","ocean_shortcode_after_footer_bottom":"","ocean_display_top_bar":"default","ocean_display_header":"default","ocean_header_style":"","ocean_center_header_left_menu":"0","ocean_custom_header_template":"0","ocean_custom_logo":0,"ocean_custom_retina_logo":0,"ocean_custom_logo_max_width":0,"ocean_custom_logo_tablet_max_width":0,"ocean_custom_logo_mobile_max_width":0,"ocean_custom_logo_max_height":0,"ocean_custom_logo_tablet_max_height":0,"ocean_custom_logo_mobile_max_height":0,"ocean_header_custom_menu":"0","ocean_menu_typo_font_family":"0","ocean_menu_typo_font_subset":"","ocean_menu_typo_font_size":0,"ocean_menu_typo_font_size_tablet":0,"ocean_menu_typo_font_size_mobile":0,"ocean_menu_typo_font_size_unit":"px","ocean_menu_typo_font_weight":"","ocean_menu_typo_font_weight_tablet":"","ocean_menu_typo_font_weight_mobile":"","ocean_menu_typo_transform":"","ocean_menu_typo_transform_tablet":"","ocean_menu_typo_transform_mobile":"","ocean_menu_typo_line_height":0,"ocean_menu_typo_line_height_tablet":0,"ocean_menu_typo_line_height_mobile":0,"ocean_menu_typo_line_height_unit":"","ocean_menu_typo_spacing":0,"ocean_menu_typo_spacing_tablet":0,"ocean_menu_typo_spacing_mobile":0,"ocean_menu_typo_spacing_unit":"","ocean_menu_link_color":"","ocean_menu_link_color_hover":"","ocean_menu_link_color_active":"","ocean_menu_link_background":"","ocean_menu_link_hover_background":"","ocean_menu_link_active_background":"","ocean_menu_social_links_bg":"","ocean_menu_social_hover_links_bg":"","ocean_menu_social_links_color":"","ocean_menu_social_hover_links_color":"","ocean_disable_title":"default","ocean_disable_heading":"default","ocean_post_title":"","ocean_post_subheading":"","ocean_post_title_style":"","ocean_post_title_background_color":"","ocean_post_title_background":0,"ocean_post_title_bg_image_position":"","ocean_post_title_bg_image_attachment":"","ocean_post_title_bg_image_repeat":"","ocean_post_title_bg_image_size":"","ocean_post_title_height":0,"ocean_post_title_bg_overlay":0.5,"ocean_post_title_bg_overlay_color":"","ocean_disable_breadcrumbs":"default","ocean_breadcrumbs_color":"","ocean_breadcrumbs_separator_color":"","ocean_breadcrumbs_links_color":"","ocean_breadcrumbs_links_hover_color":"","ocean_display_footer_widgets":"default","ocean_display_footer_bottom":"default","ocean_custom_footer_template":"0","footnotes":""},"class_list":["post-18580","page","type-page","status-publish","has-post-thumbnail","hentry","entry","has-media"],"yoast_head":"<!-- This site is optimized with the Yoast SEO plugin v27.0 - https:\/\/yoast.com\/product\/yoast-seo-wordpress\/ -->\n<title>L&#039;agenda complet des \u00e9v\u00e9nements autour du Clos du Piheux<\/title>\n<meta name=\"description\" content=\"D\u00e9couvrez tous les \u00e9v\u00e9nements \u00e0 ne pas manquer dans un rayon de 30 kilom\u00e8tres autour du Clos du Piheux !\" \/>\n<meta name=\"robots\" content=\"index, follow, max-snippet:-1, max-image-preview:large, max-video-preview:-1\" \/>\n<link rel=\"canonical\" href=\"https:\/\/www.leclosdupiheux.com\/en\/a-voir-a-faire\/agenda-complet\/\" \/>\n<meta property=\"og:locale\" content=\"en_GB\" \/>\n<meta property=\"og:type\" content=\"article\" \/>\n<meta property=\"og:title\" content=\"L&#039;agenda complet des \u00e9v\u00e9nements autour du Clos du Piheux\" \/>\n<meta property=\"og:description\" content=\"D\u00e9couvrez tous les \u00e9v\u00e9nements \u00e0 ne pas manquer dans un rayon de 30 kilom\u00e8tres autour du Clos du Piheux !\" \/>\n<meta property=\"og:url\" content=\"https:\/\/www.leclosdupiheux.com\/en\/a-voir-a-faire\/agenda-complet\/\" \/>\n<meta property=\"og:site_name\" content=\"Le Clos du Piheux\" \/>\n<meta property=\"article:publisher\" content=\"https:\/\/fr-fr.facebook.com\/leclosdupiheux\/\" \/>\n<meta property=\"article:modified_time\" content=\"2026-01-21T20:54:55+00:00\" \/>\n<meta property=\"og:image\" content=\"https:\/\/www.leclosdupiheux.com\/wp-content\/uploads\/2021\/04\/Mondial-du-lion.jpg\" \/>\n\t<meta property=\"og:image:width\" content=\"1140\" \/>\n\t<meta property=\"og:image:height\" content=\"641\" \/>\n\t<meta property=\"og:image:type\" content=\"image\/jpeg\" \/>\n<meta name=\"twitter:card\" content=\"summary_large_image\" \/>\n<meta name=\"twitter:label1\" content=\"Estimated reading time\" \/>\n\t<meta name=\"twitter:data1\" content=\"3 minutes\" \/>\n<script type=\"application\/ld+json\" class=\"yoast-schema-graph\">{\"@context\":\"https:\/\/schema.org\",\"@graph\":[{\"@type\":\"WebPage\",\"@id\":\"https:\/\/www.leclosdupiheux.com\/a-voir-a-faire\/agenda-complet\",\"url\":\"https:\/\/www.leclosdupiheux.com\/a-voir-a-faire\/agenda-complet\",\"name\":\"L'agenda complet des \u00e9v\u00e9nements autour du Clos du Piheux\",\"isPartOf\":{\"@id\":\"https:\/\/www.leclosdupiheux.com\/en\/#website\"},\"primaryImageOfPage\":{\"@id\":\"https:\/\/www.leclosdupiheux.com\/a-voir-a-faire\/agenda-complet#primaryimage\"},\"image\":{\"@id\":\"https:\/\/www.leclosdupiheux.com\/a-voir-a-faire\/agenda-complet#primaryimage\"},\"thumbnailUrl\":\"https:\/\/www.leclosdupiheux.com\/wp-content\/uploads\/2021\/04\/Mondial-du-lion.jpg\",\"datePublished\":\"2025-02-12T08:54:30+00:00\",\"dateModified\":\"2026-01-21T20:54:55+00:00\",\"description\":\"D\u00e9couvrez tous les \u00e9v\u00e9nements \u00e0 ne pas manquer dans un rayon de 30 kilom\u00e8tres autour du Clos du Piheux !\",\"breadcrumb\":{\"@id\":\"https:\/\/www.leclosdupiheux.com\/a-voir-a-faire\/agenda-complet#breadcrumb\"},\"inLanguage\":\"en-GB\",\"potentialAction\":[{\"@type\":\"ReadAction\",\"target\":[\"https:\/\/www.leclosdupiheux.com\/a-voir-a-faire\/agenda-complet\"]}]},{\"@type\":\"ImageObject\",\"inLanguage\":\"en-GB\",\"@id\":\"https:\/\/www.leclosdupiheux.com\/a-voir-a-faire\/agenda-complet#primaryimage\",\"url\":\"https:\/\/www.leclosdupiheux.com\/wp-content\/uploads\/2021\/04\/Mondial-du-lion.jpg\",\"contentUrl\":\"https:\/\/www.leclosdupiheux.com\/wp-content\/uploads\/2021\/04\/Mondial-du-lion.jpg\",\"width\":1140,\"height\":641,\"caption\":\"Mondial du lion\"},{\"@type\":\"BreadcrumbList\",\"@id\":\"https:\/\/www.leclosdupiheux.com\/a-voir-a-faire\/agenda-complet#breadcrumb\",\"itemListElement\":[{\"@type\":\"ListItem\",\"position\":1,\"name\":\"Accueil\",\"item\":\"https:\/\/www.leclosdupiheux.com\/\"},{\"@type\":\"ListItem\",\"position\":2,\"name\":\"\u00c0 voir \/ \u00c0 Faire\",\"item\":\"https:\/\/www.leclosdupiheux.com\/a-voir-a-faire\"},{\"@type\":\"ListItem\",\"position\":3,\"name\":\"Agenda complet\"}]},{\"@type\":\"WebSite\",\"@id\":\"https:\/\/www.leclosdupiheux.com\/en\/#website\",\"url\":\"https:\/\/www.leclosdupiheux.com\/en\/\",\"name\":\"Le Clos du Piheux\",\"description\":\"\",\"publisher\":{\"@id\":\"https:\/\/www.leclosdupiheux.com\/en\/#organization\"},\"potentialAction\":[{\"@type\":\"SearchAction\",\"target\":{\"@type\":\"EntryPoint\",\"urlTemplate\":\"https:\/\/www.leclosdupiheux.com\/en\/?s={search_term_string}\"},\"query-input\":{\"@type\":\"PropertyValueSpecification\",\"valueRequired\":true,\"valueName\":\"search_term_string\"}}],\"inLanguage\":\"en-GB\"},{\"@type\":\"Organization\",\"@id\":\"https:\/\/www.leclosdupiheux.com\/en\/#organization\",\"name\":\"Le Clos du Piheux\",\"url\":\"https:\/\/www.leclosdupiheux.com\/en\/\",\"logo\":{\"@type\":\"ImageObject\",\"inLanguage\":\"en-GB\",\"@id\":\"https:\/\/www.leclosdupiheux.com\/en\/#\/schema\/logo\/image\/\",\"url\":\"https:\/\/www.leclosdupiheux.com\/wp-content\/uploads\/2021\/04\/Logo-Clos-du-Piheux.png\",\"contentUrl\":\"https:\/\/www.leclosdupiheux.com\/wp-content\/uploads\/2021\/04\/Logo-Clos-du-Piheux.png\",\"width\":1391,\"height\":750,\"caption\":\"Le Clos du Piheux\"},\"image\":{\"@id\":\"https:\/\/www.leclosdupiheux.com\/en\/#\/schema\/logo\/image\/\"},\"sameAs\":[\"https:\/\/fr-fr.facebook.com\/leclosdupiheux\/\",\"https:\/\/www.youtube.com\/channel\/UCPIgZ6razKWV6sdd3-Sw78A\",\"https:\/\/www.instagram.com\/leclosdupiheux\/?hl=fr\"]}]}<\/script>\n<!-- \/ Yoast SEO plugin. -->","yoast_head_json":{"title":"The complete diary of events around Clos du Piheux","description":"Find out about all the not-to-be-missed events within a 30-kilometre radius of Le Clos du Piheux!","robots":{"index":"index","follow":"follow","max-snippet":"max-snippet:-1","max-image-preview":"max-image-preview:large","max-video-preview":"max-video-preview:-1"},"canonical":"https:\/\/www.leclosdupiheux.com\/en\/a-voir-a-faire\/agenda-complet\/","og_locale":"en_GB","og_type":"article","og_title":"L'agenda complet des \u00e9v\u00e9nements autour du Clos du Piheux","og_description":"D\u00e9couvrez tous les \u00e9v\u00e9nements \u00e0 ne pas manquer dans un rayon de 30 kilom\u00e8tres autour du Clos du Piheux !","og_url":"https:\/\/www.leclosdupiheux.com\/en\/a-voir-a-faire\/agenda-complet\/","og_site_name":"Le Clos du Piheux","article_publisher":"https:\/\/fr-fr.facebook.com\/leclosdupiheux\/","article_modified_time":"2026-01-21T20:54:55+00:00","og_image":[{"width":1140,"height":641,"url":"https:\/\/www.leclosdupiheux.com\/wp-content\/uploads\/2021\/04\/Mondial-du-lion.jpg","type":"image\/jpeg"}],"twitter_card":"summary_large_image","twitter_misc":{"Estimated reading time":"3 minutes"},"schema":{"@context":"https:\/\/schema.org","@graph":[{"@type":"WebPage","@id":"https:\/\/www.leclosdupiheux.com\/a-voir-a-faire\/agenda-complet","url":"https:\/\/www.leclosdupiheux.com\/a-voir-a-faire\/agenda-complet","name":"The complete diary of events around Clos du Piheux","isPartOf":{"@id":"https:\/\/www.leclosdupiheux.com\/en\/#website"},"primaryImageOfPage":{"@id":"https:\/\/www.leclosdupiheux.com\/a-voir-a-faire\/agenda-complet#primaryimage"},"image":{"@id":"https:\/\/www.leclosdupiheux.com\/a-voir-a-faire\/agenda-complet#primaryimage"},"thumbnailUrl":"https:\/\/www.leclosdupiheux.com\/wp-content\/uploads\/2021\/04\/Mondial-du-lion.jpg","datePublished":"2025-02-12T08:54:30+00:00","dateModified":"2026-01-21T20:54:55+00:00","description":"Find out about all the not-to-be-missed events within a 30-kilometre radius of Le Clos du Piheux!","breadcrumb":{"@id":"https:\/\/www.leclosdupiheux.com\/a-voir-a-faire\/agenda-complet#breadcrumb"},"inLanguage":"en-GB","potentialAction":[{"@type":"ReadAction","target":["https:\/\/www.leclosdupiheux.com\/a-voir-a-faire\/agenda-complet"]}]},{"@type":"ImageObject","inLanguage":"en-GB","@id":"https:\/\/www.leclosdupiheux.com\/a-voir-a-faire\/agenda-complet#primaryimage","url":"https:\/\/www.leclosdupiheux.com\/wp-content\/uploads\/2021\/04\/Mondial-du-lion.jpg","contentUrl":"https:\/\/www.leclosdupiheux.com\/wp-content\/uploads\/2021\/04\/Mondial-du-lion.jpg","width":1140,"height":641,"caption":"Mondial du lion"},{"@type":"BreadcrumbList","@id":"https:\/\/www.leclosdupiheux.com\/a-voir-a-faire\/agenda-complet#breadcrumb","itemListElement":[{"@type":"ListItem","position":1,"name":"Accueil","item":"https:\/\/www.leclosdupiheux.com\/"},{"@type":"ListItem","position":2,"name":"\u00c0 voir \/ \u00c0 Faire","item":"https:\/\/www.leclosdupiheux.com\/a-voir-a-faire"},{"@type":"ListItem","position":3,"name":"Agenda complet"}]},{"@type":"WebSite","@id":"https:\/\/www.leclosdupiheux.com\/en\/#website","url":"https:\/\/www.leclosdupiheux.com\/en\/","name":"Le Clos du Piheux","description":"","publisher":{"@id":"https:\/\/www.leclosdupiheux.com\/en\/#organization"},"potentialAction":[{"@type":"SearchAction","target":{"@type":"EntryPoint","urlTemplate":"https:\/\/www.leclosdupiheux.com\/en\/?s={search_term_string}"},"query-input":{"@type":"PropertyValueSpecification","valueRequired":true,"valueName":"search_term_string"}}],"inLanguage":"en-GB"},{"@type":"Organization","@id":"https:\/\/www.leclosdupiheux.com\/en\/#organization","name":"Le Clos du Piheux","url":"https:\/\/www.leclosdupiheux.com\/en\/","logo":{"@type":"ImageObject","inLanguage":"en-GB","@id":"https:\/\/www.leclosdupiheux.com\/en\/#\/schema\/logo\/image\/","url":"https:\/\/www.leclosdupiheux.com\/wp-content\/uploads\/2021\/04\/Logo-Clos-du-Piheux.png","contentUrl":"https:\/\/www.leclosdupiheux.com\/wp-content\/uploads\/2021\/04\/Logo-Clos-du-Piheux.png","width":1391,"height":750,"caption":"Le Clos du Piheux"},"image":{"@id":"https:\/\/www.leclosdupiheux.com\/en\/#\/schema\/logo\/image\/"},"sameAs":["https:\/\/fr-fr.facebook.com\/leclosdupiheux\/","https:\/\/www.youtube.com\/channel\/UCPIgZ6razKWV6sdd3-Sw78A","https:\/\/www.instagram.com\/leclosdupiheux\/?hl=fr"]}]}},"brizy_media":[{"id":3286,"url":"https:\/\/www.leclosdupiheux.com\/wp-content\/uploads\/2021\/03\/5-De\u0301coration-jardin-1618x640-1.jpg","name":"5-De\u0301coration-jardin-1618x640-1.jpg","meta":{"brizy_attachment_uid":"wp-dc77a6d3dd6cbbe1e0eb46b262107af0.jpg","brizy_post_uid":["ba5f5fe778d6d7b850df04f5cdc34b81","5719d57a4f60c65075672796c1e9af3c","f9b7466922de1a70c8f27e22566aa063"]}},{"id":7366,"url":"https:\/\/www.leclosdupiheux.com\/wp-content\/uploads\/2021\/03\/1280px-Le_chateau_des_ducs_dAnjou.jpg","name":"1280px-Le_chateau_des_ducs_dAnjou.jpg","meta":{"brizy_attachment_uid":"wp-608911e696f1a2599c5632f2129062d3.jpg","brizy_post_uid":["5719d57a4f60c65075672796c1e9af3c"]}},{"id":9540,"url":"https:\/\/www.leclosdupiheux.com\/wp-content\/uploads\/2021\/04\/Terra-botanica.jpg","name":"Terra-botanica.jpg","meta":{"brizy_attachment_uid":"wp-25e91474787e387998a5b2f9c8628a8e.jpg","brizy_post_uid":["5719d57a4f60c65075672796c1e9af3c"]}},{"id":9544,"url":"https:\/\/www.leclosdupiheux.com\/wp-content\/uploads\/2021\/04\/Terra-botanica-1.jpg","name":"Terra-botanica-1.jpg","meta":{"brizy_attachment_uid":"wp-7d4afd24351005621e755e1cf50692d3.jpg","brizy_post_uid":["5719d57a4f60c65075672796c1e9af3c"]}},{"id":9558,"url":"https:\/\/www.leclosdupiheux.com\/wp-content\/uploads\/2021\/04\/Mine-Bleue.jpg-1920px.jpg","name":"Mine-Bleue.jpg-1920px.jpg","meta":{"brizy_attachment_uid":"wp-1f23edcc7381b277019d4faad9dd4138.jpg","brizy_post_uid":["5719d57a4f60c65075672796c1e9af3c"]}},{"id":9615,"url":"https:\/\/www.leclosdupiheux.com\/wp-content\/uploads\/2021\/04\/plessis-mace.jpg","name":"plessis-mace.jpg","meta":{"brizy_attachment_uid":"wp-5accf87e16ede325eb3a3787e42aa010.jpg","brizy_post_uid":["5719d57a4f60c65075672796c1e9af3c"]}},{"id":9650,"url":"https:\/\/www.leclosdupiheux.com\/wp-content\/uploads\/2021\/04\/le-chateau-du-parc-de-isle-braind.jpg","name":"le-chateau-du-parc-de-isle-braind.jpg","meta":{"brizy_attachment_uid":"wp-7de6a891bd8a8b85914e834003eefc0a.jpg","brizy_post_uid":["5719d57a4f60c65075672796c1e9af3c"]}},{"id":9709,"url":"https:\/\/www.leclosdupiheux.com\/wp-content\/uploads\/2021\/04\/petite-couere.jpg","name":"petite-couere.jpg","meta":{"brizy_attachment_uid":"wp-18f29339e93cfb0c842cfe960e03b666.jpg","brizy_post_uid":["5719d57a4f60c65075672796c1e9af3c"]}},{"id":9719,"url":"https:\/\/www.leclosdupiheux.com\/wp-content\/uploads\/2021\/04\/Mondial-du-lion.jpg","name":"Mondial-du-lion.jpg","meta":{"brizy_attachment_uid":"wp-f42f07f8decd88aad08351ac25fa993f.jpg","brizy_post_uid":["5719d57a4f60c65075672796c1e9af3c"]}},{"id":9802,"url":"https:\/\/www.leclosdupiheux.com\/wp-content\/uploads\/2021\/04\/saveur-jazz-festival.jpg","name":"saveur-jazz-festival.jpg","meta":{"brizy_attachment_uid":"wp-1f477f239cdf4e6b85fc1dd4749183fc.jpg","brizy_post_uid":["5719d57a4f60c65075672796c1e9af3c"]}},{"id":9828,"url":"https:\/\/www.leclosdupiheux.com\/wp-content\/uploads\/2021\/04\/Le-Festival-dAnjou.jpg","name":"Le-Festival-dAnjou.jpg","meta":{"brizy_attachment_uid":"wp-f60cb3839f4ac5fe922e6a1f7355759f.jpg","brizy_post_uid":["5719d57a4f60c65075672796c1e9af3c"]}},{"id":9855,"url":"https:\/\/www.leclosdupiheux.com\/wp-content\/uploads\/2021\/04\/Heures-musicales-haut-anjou.jpg","name":"Heures-musicales-haut-anjou.jpg","meta":{"brizy_attachment_uid":"wp-5d6812cf7bc34810b8fdd4ec8ec80e45.jpg","brizy_post_uid":["5719d57a4f60c65075672796c1e9af3c"]}},{"id":3757,"url":"https:\/\/www.leclosdupiheux.com\/wp-content\/uploads\/2021\/03\/Le-clos-du-piheux-3.jpg","name":"Le-clos-du-piheux-3.jpg","meta":{"brizy_attachment_uid":"wp-2324e2a01a93162c8460c5916fd0dd01.jpg","brizy_post_uid":["b9c06ef3e07b887dd9b2c6e31857da52","11f15d3eed99543a466197ca27b46982","a50a54154cd6a38dbd0fa5fe6f9f145b","5719d57a4f60c65075672796c1e9af3c"]}},{"id":3761,"url":"https:\/\/www.leclosdupiheux.com\/wp-content\/uploads\/2021\/03\/Le-clos-du-piheux-10.jpg","name":"Le-clos-du-piheux-10.jpg","meta":{"brizy_attachment_uid":"wp-803f6ba5ba1e42cfbbe1aafbe3966601.jpg","brizy_post_uid":["f9b7466922de1a70c8f27e22566aa063","5719d57a4f60c65075672796c1e9af3c"]}},{"id":11757,"url":"https:\/\/www.leclosdupiheux.com\/wp-content\/uploads\/2021\/04\/Logo-Clos-du-Piheux.png","name":"Logo-Clos-du-Piheux.png","meta":{"brizy_attachment_uid":"wp-be7d7090d445fc937fd5ce34582d12c8.png","brizy_post_uid":["5719d57a4f60c65075672796c1e9af3c"]}},{"id":11766,"url":"https:\/\/www.leclosdupiheux.com\/wp-content\/uploads\/2021\/04\/Logo-Clos-du-Piheux-blanc.png","name":"Logo-Clos-du-Piheux-blanc.png","meta":{"brizy_attachment_uid":"wp-d15375d4390940e5b70dbbbb52f351a7.png","brizy_post_uid":["5719d57a4f60c65075672796c1e9af3c"]}},{"id":12970,"url":"https:\/\/www.leclosdupiheux.com\/wp-content\/uploads\/2021\/04\/plessis-bourre.jpg","name":"plessis-bourre.jpg","meta":{"brizy_attachment_uid":"wp-c3e4edeca4bd1dba8dc964d75e202fd5.jpg","brizy_post_uid":["5719d57a4f60c65075672796c1e9af3c"]}},{"id":14287,"url":"https:\/\/www.leclosdupiheux.com\/wp-content\/uploads\/2021\/04\/promo-le-clos-du-piheux.jpg","name":"promo-le-clos-du-piheux.jpg","meta":{"brizy_attachment_uid":"wp-1ea5adbae80ebb0f1b4c2b65ac019702.jpg","brizy_post_uid":["5719d57a4f60c65075672796c1e9af3c"]}},{"id":14285,"url":"https:\/\/www.leclosdupiheux.com\/wp-content\/uploads\/2021\/04\/carte-touristique-le-clos-du-piheux.jpg","name":"carte-touristique-le-clos-du-piheux.jpg","meta":{"brizy_attachment_uid":"wp-3731494b06d007ed64544157f5505cb3.jpg","brizy_post_uid":["5719d57a4f60c65075672796c1e9af3c"]}},{"id":13845,"url":"https:\/\/www.leclosdupiheux.com\/wp-content\/uploads\/2021\/04\/Coeur-Ardoise-Le-Clos-du-Piheux.jpg","name":"Coeur-Ardoise-Le-Clos-du-Piheux.jpg","meta":{"brizy_attachment_uid":"wp-8a87752628ff1b035a5cb8ce76c4b238.jpg","brizy_post_uid":["15a4cae7eabc6011e2748be0f8ec77f1","fa7342851660f908c838a900034948d9","476487ef78ecab69846c4c7caddaf141","5719d57a4f60c65075672796c1e9af3c"]}},{"id":14282,"url":"https:\/\/www.leclosdupiheux.com\/wp-content\/uploads\/2021\/04\/Activites-en-Anjou-Bleu.jpg","name":"Activites-en-Anjou-Bleu.jpg","meta":{"brizy_attachment_uid":"wp-486f32c6c10226b2807ec6eb2c5c34b7.jpg","brizy_post_uid":["1da3e25619bb816f49850b865f8a24b4","fd1895d3e51774423758e5f7eedb2db6","5719d57a4f60c65075672796c1e9af3c","b6ed6555b442e0b55f93e6374a4c71b7","476487ef78ecab69846c4c7caddaf141"]}},{"id":17084,"url":"https:\/\/www.leclosdupiheux.com\/wp-content\/uploads\/2024\/01\/saison-culturelle.jpg","name":"saison-culturelle.jpg","meta":{"brizy_attachment_uid":"wp-8c7b83be39b348600a6dff181342d552.jpg","brizy_post_uid":["5719d57a4f60c65075672796c1e9af3c"]}},{"id":17140,"url":"https:\/\/www.leclosdupiheux.com\/wp-content\/uploads\/2024\/01\/Terra-botanica-2024.jpg","name":"Terra-botanica-2024.jpg","meta":{"brizy_attachment_uid":"wp-f35d52e73baf7bae3f4f75c295ea49e4.jpg","brizy_post_uid":["5719d57a4f60c65075672796c1e9af3c"]}},{"id":17422,"url":"https:\/\/www.leclosdupiheux.com\/wp-content\/uploads\/2024\/02\/Festival_Anjou_2021\u00a9Christophe-Martin-1200x630-1.jpg","name":"Festival_Anjou_2021\u00a9Christophe-Martin-1200x630-1.jpg","meta":{"brizy_attachment_uid":"wp-96453046e2e896c607c7184022d260c5.jpg","brizy_post_uid":["5719d57a4f60c65075672796c1e9af3c"]}},{"id":18676,"url":"https:\/\/www.leclosdupiheux.com\/wp-content\/uploads\/2025\/02\/saison-2025-1.jpg","name":"season-2025-1.jpg","meta":{"brizy_attachment_uid":"wp-a84d4fd40cc3bb2ed0fa93f7cf784d0b.jpg","brizy_post_uid":["5719d57a4f60c65075672796c1e9af3c"]}}],"_links":{"self":[{"href":"https:\/\/www.leclosdupiheux.com\/en\/wp-json\/wp\/v2\/pages\/18580","targetHints":{"allow":["GET"]}}],"collection":[{"href":"https:\/\/www.leclosdupiheux.com\/en\/wp-json\/wp\/v2\/pages"}],"about":[{"href":"https:\/\/www.leclosdupiheux.com\/en\/wp-json\/wp\/v2\/types\/page"}],"author":[{"embeddable":true,"href":"https:\/\/www.leclosdupiheux.com\/en\/wp-json\/wp\/v2\/users\/2"}],"replies":[{"embeddable":true,"href":"https:\/\/www.leclosdupiheux.com\/en\/wp-json\/wp\/v2\/comments?post=18580"}],"version-history":[{"count":0,"href":"https:\/\/www.leclosdupiheux.com\/en\/wp-json\/wp\/v2\/pages\/18580\/revisions"}],"up":[{"embeddable":true,"href":"https:\/\/www.leclosdupiheux.com\/en\/wp-json\/wp\/v2\/pages\/645"}],"wp:featuredmedia":[{"embeddable":true,"href":"https:\/\/www.leclosdupiheux.com\/en\/wp-json\/wp\/v2\/media\/9719"}],"wp:attachment":[{"href":"https:\/\/www.leclosdupiheux.com\/en\/wp-json\/wp\/v2\/media?parent=18580"}],"curies":[{"name":"wp","href":"https:\/\/api.w.org\/{rel}","templated":true}]}}